{"id":1412,"date":"2025-01-09T17:29:10","date_gmt":"2025-01-09T14:29:10","guid":{"rendered":"https:\/\/www.splusweb.com.tr\/services\/"},"modified":"2025-01-22T17:31:00","modified_gmt":"2025-01-22T14:31:00","slug":"services","status":"publish","type":"page","link":"https:\/\/www.antalyasatilikkonteyner.com\/en\/services\/","title":{"rendered":"Services"},"content":{"rendered":"\n\n  <div class=\"banner has-hover\" id=\"banner-799932358\">\n          <div class=\"banner-inner fill\">\n        <div class=\"banner-bg fill\" >\n            <img loading=\"lazy\" decoding=\"async\" width=\"1920\" height=\"2560\" src=\"https:\/\/www.antalyasatilikkonteyner.com\/wp-content\/uploads\/2025\/01\/Antalya-Satilik-Konteyner-70-scaled.webp\" class=\"bg attachment-original size-original\" alt=\"\">                        <div class=\"overlay\"><\/div>            \n                    <\/div>\n\t\t\n        <div class=\"banner-layers container\">\n            <div class=\"fill banner-link\"><\/div>            \n\n   <div id=\"text-box-1483285342\" class=\"text-box banner-layer x50 md-x50 lg-x50 y50 md-y50 lg-y50 res-text\">\n                                <div class=\"text-box-content text dark\">\n              \n              <div class=\"text-inner text-center\">\n                  \n\n<h1 class=\"uppercase\"><strong>Services<\/strong><\/h1>\n\n              <\/div>\n           <\/div>\n                            \n<style>\n#text-box-1483285342 {\n  width: 90%;\n}\n#text-box-1483285342 .text-box-content {\n  font-size: 100%;\n}\n@media (min-width:550px) {\n  #text-box-1483285342 {\n    width: 90%;\n  }\n}\n@media (min-width:850px) {\n  #text-box-1483285342 {\n    width: 90%;\n  }\n}\n<\/style>\n    <\/div>\n \n\n        <\/div>\n      <\/div>\n\n            \n<style>\n#banner-799932358 {\n  padding-top: 210px;\n  background-color: #f58121;\n}\n#banner-799932358 .overlay {\n  background-color: rgba(0, 0, 0, 0.669);\n}\n#banner-799932358 .banner-bg img {\n  object-position: 41% 66%;\n}\n@media (min-width:550px) {\n  #banner-799932358 {\n    padding-top: 430px;\n  }\n}\n@media (min-width:850px) {\n  #banner-799932358 {\n    padding-top: 600px;\n  }\n}\n<\/style>\n  <\/div>\n\n\n\n\t<section class=\"section\" id=\"section_1138504965\">\n\t\t<div class=\"section-bg fill\" >\n\t\t\t\t\t\t\t\t\t\n\t\t\t\n\n\t\t<\/div>\n\n\t\t\n\n\t\t<div class=\"section-content relative\">\n\t\t\t\n\n<div class=\"row\"  id=\"row-464364652\">\n\n\n\t<div id=\"col-1916814240\" class=\"col small-12 large-12\"  >\n\t\t\t\t<div class=\"col-inner\"  >\n\t\t\t\n\t\t\t\n\n\n  \n    <div class=\"row large-columns-3 medium-columns-2 small-columns-2 row-xsmall\" >\n  <div class=\"page-col col\" >\n          <div class=\"col-inner\" >\n          <a class=\"block plain\" href=\"https:\/\/www.antalyasatilikkonteyner.com\/en\/services\/construction-site-dormitory-and-dining-hall-setups\/\" title=\"Construction Site, Dormitory and Dining Hall Setups\" target=\"\">\n            <div class=\"page-box box has-hover\">\n                  <div class=\"box-image\" >\n                      <div class=\"box-image image-zoom image-cover\" style=\"padding-top:56.25%;\">\n                      <img loading=\"lazy\" decoding=\"async\" width=\"2560\" height=\"1920\" src=\"https:\/\/www.antalyasatilikkonteyner.com\/wp-content\/uploads\/2025\/09\/Santiye-Lojman-Yemekhane-Kurulumlari-Antalya-Konteyner-1-scaled.webp\" class=\"attachment-original size-original\" alt=\"Construction Site, Dormitory and Dining Hall Setups - Antalya Konteyner\" srcset=\"https:\/\/www.antalyasatilikkonteyner.com\/wp-content\/uploads\/2025\/09\/Santiye-Lojman-Yemekhane-Kurulumlari-Antalya-Konteyner-1-scaled.webp 2560w, https:\/\/www.antalyasatilikkonteyner.com\/wp-content\/uploads\/2025\/09\/Santiye-Lojman-Yemekhane-Kurulumlari-Antalya-Konteyner-1-300x225.webp 300w, https:\/\/www.antalyasatilikkonteyner.com\/wp-content\/uploads\/2025\/09\/Santiye-Lojman-Yemekhane-Kurulumlari-Antalya-Konteyner-1-1024x768.webp 1024w, https:\/\/www.antalyasatilikkonteyner.com\/wp-content\/uploads\/2025\/09\/Santiye-Lojman-Yemekhane-Kurulumlari-Antalya-Konteyner-1-768x576.webp 768w, https:\/\/www.antalyasatilikkonteyner.com\/wp-content\/uploads\/2025\/09\/Santiye-Lojman-Yemekhane-Kurulumlari-Antalya-Konteyner-1-1536x1152.webp 1536w, https:\/\/www.antalyasatilikkonteyner.com\/wp-content\/uploads\/2025\/09\/Santiye-Lojman-Yemekhane-Kurulumlari-Antalya-Konteyner-1-2048x1536.webp 2048w, https:\/\/www.antalyasatilikkonteyner.com\/wp-content\/uploads\/2025\/09\/Santiye-Lojman-Yemekhane-Kurulumlari-Antalya-Konteyner-1-500x375.webp 500w, https:\/\/www.antalyasatilikkonteyner.com\/wp-content\/uploads\/2025\/09\/Santiye-Lojman-Yemekhane-Kurulumlari-Antalya-Konteyner-1-1700x1275.webp 1700w\" sizes=\"auto, (max-width: 2560px) 100vw, 2560px\" \/>                      <\/div>\n                                                              <\/div>\n                  <div class=\"box-text text-center is-large\" >\n                        <div class=\"box-text-inner\">\n                            <p>Construction Site, Dormitory and Dining Hall Setups<\/p>\n                        <\/div>\n                  <\/div>\n              <\/div>\n            <\/a>\n            <\/div>\n          <\/div><div class=\"page-col col\" >\n          <div class=\"col-inner\" >\n          <a class=\"block plain\" href=\"https:\/\/www.antalyasatilikkonteyner.com\/en\/services\/container-manufacturing\/\" title=\"Container Manufacturing\" target=\"\">\n            <div class=\"page-box box has-hover\">\n                  <div class=\"box-image\" >\n                      <div class=\"box-image image-zoom image-cover\" style=\"padding-top:56.25%;\">\n                      <img loading=\"lazy\" decoding=\"async\" width=\"2560\" height=\"1920\" src=\"https:\/\/www.antalyasatilikkonteyner.com\/wp-content\/uploads\/2025\/02\/Konteyner-Uretimi-Antalya-Konteyner-scaled.webp\" class=\"attachment-original size-original\" alt=\"Konteyner \u00dcretimi - Antalya Konteyner\" srcset=\"https:\/\/www.antalyasatilikkonteyner.com\/wp-content\/uploads\/2025\/02\/Konteyner-Uretimi-Antalya-Konteyner-scaled.webp 2560w, https:\/\/www.antalyasatilikkonteyner.com\/wp-content\/uploads\/2025\/02\/Konteyner-Uretimi-Antalya-Konteyner-300x225.webp 300w, https:\/\/www.antalyasatilikkonteyner.com\/wp-content\/uploads\/2025\/02\/Konteyner-Uretimi-Antalya-Konteyner-1024x768.webp 1024w, https:\/\/www.antalyasatilikkonteyner.com\/wp-content\/uploads\/2025\/02\/Konteyner-Uretimi-Antalya-Konteyner-768x576.webp 768w, https:\/\/www.antalyasatilikkonteyner.com\/wp-content\/uploads\/2025\/02\/Konteyner-Uretimi-Antalya-Konteyner-1536x1152.webp 1536w, https:\/\/www.antalyasatilikkonteyner.com\/wp-content\/uploads\/2025\/02\/Konteyner-Uretimi-Antalya-Konteyner-2048x1536.webp 2048w, https:\/\/www.antalyasatilikkonteyner.com\/wp-content\/uploads\/2025\/02\/Konteyner-Uretimi-Antalya-Konteyner-500x375.webp 500w, https:\/\/www.antalyasatilikkonteyner.com\/wp-content\/uploads\/2025\/02\/Konteyner-Uretimi-Antalya-Konteyner-1700x1275.webp 1700w\" sizes=\"auto, (max-width: 2560px) 100vw, 2560px\" \/>                      <\/div>\n                                                              <\/div>\n                  <div class=\"box-text text-center is-large\" >\n                        <div class=\"box-text-inner\">\n                            <p>Container Manufacturing<\/p>\n                        <\/div>\n                  <\/div>\n              <\/div>\n            <\/a>\n            <\/div>\n          <\/div><div class=\"page-col col\" >\n          <div class=\"col-inner\" >\n          <a class=\"block plain\" href=\"https:\/\/www.antalyasatilikkonteyner.com\/en\/services\/fast-delivery-from-our-warehouse\/\" title=\"Fast Delivery from Our Warehouse\" target=\"\">\n            <div class=\"page-box box has-hover\">\n                  <div class=\"box-image\" >\n                      <div class=\"box-image image-zoom image-cover\" style=\"padding-top:56.25%;\">\n                      <img loading=\"lazy\" decoding=\"async\" width=\"960\" height=\"540\" src=\"https:\/\/www.antalyasatilikkonteyner.com\/wp-content\/uploads\/2025\/02\/Depomuzdan-Hizli-Sevkiyat-Antalya-Konteyner.webp\" class=\"attachment-original size-original\" alt=\"Depomuzdan H\u0131zl\u0131 Sevkiyat - Antalya Konteyner\" srcset=\"https:\/\/www.antalyasatilikkonteyner.com\/wp-content\/uploads\/2025\/02\/Depomuzdan-Hizli-Sevkiyat-Antalya-Konteyner.webp 960w, https:\/\/www.antalyasatilikkonteyner.com\/wp-content\/uploads\/2025\/02\/Depomuzdan-Hizli-Sevkiyat-Antalya-Konteyner-300x169.webp 300w, https:\/\/www.antalyasatilikkonteyner.com\/wp-content\/uploads\/2025\/02\/Depomuzdan-Hizli-Sevkiyat-Antalya-Konteyner-768x432.webp 768w, https:\/\/www.antalyasatilikkonteyner.com\/wp-content\/uploads\/2025\/02\/Depomuzdan-Hizli-Sevkiyat-Antalya-Konteyner-500x281.webp 500w\" sizes=\"auto, (max-width: 960px) 100vw, 960px\" \/>                      <\/div>\n                                                              <\/div>\n                  <div class=\"box-text text-center is-large\" >\n                        <div class=\"box-text-inner\">\n                            <p>Fast Delivery from Our Warehouse<\/p>\n                        <\/div>\n                  <\/div>\n              <\/div>\n            <\/a>\n            <\/div>\n          <\/div><div class=\"page-col col\" >\n          <div class=\"col-inner\" >\n          <a class=\"block plain\" href=\"https:\/\/www.antalyasatilikkonteyner.com\/en\/services\/after-sales-support-and-customer-satisfaction\/\" title=\"After-Sales Support and Customer Satisfaction\" target=\"\">\n            <div class=\"page-box box has-hover\">\n                  <div class=\"box-image\" >\n                      <div class=\"box-image image-zoom image-cover\" style=\"padding-top:56.25%;\">\n                      <img loading=\"lazy\" decoding=\"async\" width=\"2560\" height=\"1439\" src=\"https:\/\/www.antalyasatilikkonteyner.com\/wp-content\/uploads\/2025\/02\/Satis-Sonrasi-Destek-ve-Musteri-Memnuniyeti-Antalya-Konteyner-scaled.webp\" class=\"attachment-original size-original\" alt=\"Sat\u0131\u015f Sonras\u0131 Destek ve M\u00fc\u015fteri Memnuniyeti - Antalya Konteyner\" srcset=\"https:\/\/www.antalyasatilikkonteyner.com\/wp-content\/uploads\/2025\/02\/Satis-Sonrasi-Destek-ve-Musteri-Memnuniyeti-Antalya-Konteyner-scaled.webp 2560w, https:\/\/www.antalyasatilikkonteyner.com\/wp-content\/uploads\/2025\/02\/Satis-Sonrasi-Destek-ve-Musteri-Memnuniyeti-Antalya-Konteyner-300x169.webp 300w, https:\/\/www.antalyasatilikkonteyner.com\/wp-content\/uploads\/2025\/02\/Satis-Sonrasi-Destek-ve-Musteri-Memnuniyeti-Antalya-Konteyner-1024x576.webp 1024w, https:\/\/www.antalyasatilikkonteyner.com\/wp-content\/uploads\/2025\/02\/Satis-Sonrasi-Destek-ve-Musteri-Memnuniyeti-Antalya-Konteyner-768x432.webp 768w, https:\/\/www.antalyasatilikkonteyner.com\/wp-content\/uploads\/2025\/02\/Satis-Sonrasi-Destek-ve-Musteri-Memnuniyeti-Antalya-Konteyner-1536x863.webp 1536w, https:\/\/www.antalyasatilikkonteyner.com\/wp-content\/uploads\/2025\/02\/Satis-Sonrasi-Destek-ve-Musteri-Memnuniyeti-Antalya-Konteyner-2048x1151.webp 2048w, https:\/\/www.antalyasatilikkonteyner.com\/wp-content\/uploads\/2025\/02\/Satis-Sonrasi-Destek-ve-Musteri-Memnuniyeti-Antalya-Konteyner-500x281.webp 500w, https:\/\/www.antalyasatilikkonteyner.com\/wp-content\/uploads\/2025\/02\/Satis-Sonrasi-Destek-ve-Musteri-Memnuniyeti-Antalya-Konteyner-1700x956.webp 1700w\" sizes=\"auto, (max-width: 2560px) 100vw, 2560px\" \/>                      <\/div>\n                                                              <\/div>\n                  <div class=\"box-text text-center is-large\" >\n                        <div class=\"box-text-inner\">\n                            <p>After-Sales Support and Customer Satisfaction<\/p>\n                        <\/div>\n                  <\/div>\n              <\/div>\n            <\/a>\n            <\/div>\n          <\/div><\/div>\n\n\n\t\t<\/div>\n\t\t\t\t\t<\/div>\n\n\t\n\n<\/div>\n\n\t\t<\/div>\n\n\t\t\n<style>\n#section_1138504965 {\n  padding-top: 30px;\n  padding-bottom: 30px;\n}\n<\/style>\n\t<\/section>\n\t\n\n","protected":false},"excerpt":{"rendered":"","protected":false},"author":2,"featured_media":0,"parent":0,"menu_order":0,"comment_status":"closed","ping_status":"closed","template":"page-blank.php","meta":{"_joinchat":[],"footnotes":""},"class_list":["post-1412","page","type-page","status-publish","hentry"],"_links":{"self":[{"href":"https:\/\/www.antalyasatilikkonteyner.com\/en\/wp-json\/wp\/v2\/pages\/1412","targetHints":{"allow":["GET"]}}],"collection":[{"href":"https:\/\/www.antalyasatilikkonteyner.com\/en\/wp-json\/wp\/v2\/pages"}],"about":[{"href":"https:\/\/www.antalyasatilikkonteyner.com\/en\/wp-json\/wp\/v2\/types\/page"}],"author":[{"embeddable":true,"href":"https:\/\/www.antalyasatilikkonteyner.com\/en\/wp-json\/wp\/v2\/users\/2"}],"replies":[{"embeddable":true,"href":"https:\/\/www.antalyasatilikkonteyner.com\/en\/wp-json\/wp\/v2\/comments?post=1412"}],"version-history":[{"count":0,"href":"https:\/\/www.antalyasatilikkonteyner.com\/en\/wp-json\/wp\/v2\/pages\/1412\/revisions"}],"wp:attachment":[{"href":"https:\/\/www.antalyasatilikkonteyner.com\/en\/wp-json\/wp\/v2\/media?parent=1412"}],"curies":[{"name":"wp","href":"https:\/\/api.w.org\/{rel}","templated":true}]}}