{"id":1418,"date":"2025-01-20T14:00:53","date_gmt":"2025-01-20T11:00:53","guid":{"rendered":"https:\/\/www.splusweb.com.tr\/services\/container-manufacturing\/"},"modified":"2025-02-24T12:47:05","modified_gmt":"2025-02-24T09:47:05","slug":"container-manufacturing","status":"publish","type":"page","link":"https:\/\/www.antalyasatilikkonteyner.com\/en\/services\/container-manufacturing\/","title":{"rendered":"Container Manufacturing"},"content":{"rendered":"\n\n  <div class=\"banner has-hover\" id=\"banner-21363130\">\n          <div class=\"banner-inner fill\">\n        <div class=\"banner-bg fill\" >\n            <img loading=\"lazy\" decoding=\"async\" width=\"2560\" height=\"1920\" src=\"https:\/\/www.antalyasatilikkonteyner.com\/wp-content\/uploads\/2025\/02\/Konteyner-Uretimi-Antalya-Konteyner-scaled.webp\" class=\"bg attachment-original size-original\" alt=\"Konteyner \u00dcretimi - Antalya Konteyner\" \/>                        <div class=\"overlay\"><\/div>            \n                    <\/div>\n\t\t\n        <div class=\"banner-layers container\">\n            <div class=\"fill banner-link\"><\/div>            \n\n   <div id=\"text-box-34482227\" class=\"text-box banner-layer x50 md-x50 lg-x50 y50 md-y50 lg-y50 res-text\">\n                                <div class=\"text-box-content text dark\">\n              \n              <div class=\"text-inner text-center\">\n                  \n\n<h1><strong>Container Manufacturing<\/strong><\/h1>\n\n              <\/div>\n           <\/div>\n                            \n<style>\n#text-box-34482227 {\n  width: 60%;\n}\n#text-box-34482227 .text-box-content {\n  font-size: 100%;\n}\n<\/style>\n    <\/div>\n \n\n        <\/div>\n      <\/div>\n\n            \n<style>\n#banner-21363130 {\n  padding-top: 210px;\n  background-color: #f58121;\n}\n#banner-21363130 .overlay {\n  background-color: rgba(0, 0, 0, 0.669);\n}\n#banner-21363130 .banner-bg img {\n  object-position: 43% 60%;\n}\n@media (min-width:550px) {\n  #banner-21363130 {\n    padding-top: 430px;\n  }\n}\n@media (min-width:850px) {\n  #banner-21363130 {\n    padding-top: 600px;\n  }\n}\n<\/style>\n  <\/div>\n\n\n\t<div id=\"gap-1743505423\" class=\"gap-element clearfix\" style=\"display:block; height:auto;\">\n\t\t\n<style>\n#gap-1743505423 {\n  padding-top: 14px;\n}\n<\/style>\n\t<\/div>\n\t\n\n<div class=\"row row-collapse align-center\"  id=\"row-1372038389\">\n\n\n\t<div id=\"col-347918902\" class=\"col medium-12 small-12 large-8\"  >\n\t\t\t\t<div class=\"col-inner\" style=\"background-color:rgba(46, 49, 52, 0.081);\" >\n\t\t\t\n\t\t\t\n\n<p>At <strong>Antalya Container<\/strong>, we carry out all our production processes in our own facility. Our products are manufactured with welded chassis systems, ensuring long-lasting use and maximum safety during transportation. <\/p>\n<p><strong>Our sandwich panel wall and ceiling systems<\/strong> optimize thermal and sound insulation, providing both economical and comfortable use. The flooring system, made of betopan and mineflo, offers water resistance and a hygienic surface, ensuring easy maintenance and durability. <\/p>\n<p>Our door and window frames are produced using special U-pervaz systems, combining aesthetics and durability. These details add a stylish touch to both the interior and exterior appearance of the container. <\/p>\n<p>Our Main Products Include:<\/p>\n<ul>\n<li>Standard production containers<\/li>\n<li>Residential living containers<\/li>\n<li>Construction site containers<\/li>\n<li>WC and shower containers<\/li>\n<li>Security cabins<\/li>\n<li>Roofed residential containers<\/li>\n<li>Metropolitan office containers<\/li>\n<li>Modular combined containers<\/li>\n<li>Custom-made project containers<\/li>\n<li>Wood-clad containers<\/li>\n<li>Custom-colored containers<\/li>\n<\/ul>\n<p>Each of these and more are at your service with the assurance of <strong>Antalya Container<\/strong>.<br><\/p>\n\n\t\t<\/div>\n\t\t\t\t\n<style>\n#col-347918902 > .col-inner {\n  padding: 15px 15px 15px 15px;\n  border-radius: 15px;\n}\n<\/style>\n\t<\/div>\n\n\t\n\n\t<div id=\"col-909281901\" class=\"col medium-7 small-11 large-4\"  data-animate=\"bounceInRight\">\n\t\t<div class=\"is-sticky-column\"><div class=\"is-sticky-column__inner\">\t\t<div class=\"col-inner text-center dark\" style=\"background-color:#f58121;\" >\n\t\t\t\n\t<div class=\"is-border\"\n\t\tstyle=\"border-color:rgb(142, 142, 142);border-radius:10px;border-width:1px 1px 1px 1px;\">\n\t<\/div>\n\t\t\t\n\n\t<div id=\"text-893536632\" class=\"text\">\n\t\t\n\n<h2 style=\"text-align: center;\"><span style=\"font-size: 100%; color: #ffffff;\">Contact Information<\/span><\/h2>\n\t\t\n<style>\n#text-893536632 {\n  text-align: left;\n  color: rgb(255,255,255);\n}\n#text-893536632 > * {\n  color: rgb(255,255,255);\n}\n<\/style>\n\t<\/div>\n\t\n\n\n<button class=\"whatsapp\">\n                <img decoding=\"async\" src=\"https:\/\/www.antalyasatilikkonteyner.com\/wp-content\/uploads\/2025\/01\/Whatsapp-icon.webp\" alt=\"WhatsApp Icon\" class=\"wa-icon\" style=\"width: 30px; height: 30px; margin-right: 8px;\">\n                WhatsApp Support\n               <\/button><script>\n        document.querySelector(\".whatsapp\").addEventListener(\"click\", function(event) {\n            var currentURL = window.location.href;  \/\/ Mevcut sayfan\u0131n URL'sini al\n\n            \/\/ Sayfan\u0131n dilini al\n            var lang = document.documentElement.lang || navigator.language || navigator.userLanguage;\n\n            \/\/ Mesaj metnini dil baz\u0131nda ayarla\n            var message;\n            if (lang.indexOf(\"de\") !== -1) {\n                message = \"Hallo! Ich m\u00f6chte Informationen \u00fcber: \" + currentURL;\n            } else if (lang.indexOf(\"ru\") !== -1) {\n                message = \"\u0417\u0434\u0440\u0430\u0432\u0441\u0442\u0432\u0443\u0439\u0442\u0435! \u042f \u0445\u043e\u0447\u0443 \u043f\u043e\u043b\u0443\u0447\u0438\u0442\u044c \u0438\u043d\u0444\u043e\u0440\u043c\u0430\u0446\u0438\u044e \u043e: \" + currentURL;\n            } else if (lang.indexOf(\"tr\") !== -1) {\n                message = \"Merhaba! Bu konuda bilgi almak istiyorum: \" + currentURL;\n            } else {\n                message = \"Hello! I want to get Information About: \" + currentURL;\n            }\n\n            var whatsappURL = \"https:\/\/wa.me\/+905321779258?text=\" + encodeURIComponent(message); \/\/BURADA TELEFON NUMARASI DE\u011e\u0130\u015eECEK >>>><<<<<<<<<<<<<<\n            \n            \/\/ Yeni sekmede a\u00e7\n            window.open(whatsappURL, \"_blank\");\n        });\n    <\/script>\n\n<a href=\"tel:+90%20532%20346%2065%2025\" class=\"button primary is-gloss\" style=\"border-radius:17px;\">\n\t<i class=\"icon-phone\" aria-hidden=\"true\"><\/i>\t<span>+90 532 346 65 25<\/span>\n\t<\/a>\n\n\n<a href=\"mailto:info@antalyasatilikkonteyner.com\" class=\"button primary is-gloss\" style=\"border-radius:17px;\">\n\t<i class=\"icon-envelop\" aria-hidden=\"true\"><\/i>\t<span>Send Mail<\/span>\n\t<\/a>\n\n\n<div class=\"social-icons share-icons share-row relative full-width text-center icon-style-fill\" ><a href=\"whatsapp:\/\/send?text=Container%20Manufacturing - https:\/\/www.antalyasatilikkonteyner.com\/en\/services\/container-manufacturing\/\" data-action=\"share\/whatsapp\/share\" class=\"icon primary button circle tooltip whatsapp show-for-medium\" title=\"Share on WhatsApp\" aria-label=\"Share on WhatsApp\"><i class=\"icon-whatsapp\" aria-hidden=\"true\"><\/i><\/a><a href=\"https:\/\/www.facebook.com\/sharer.php?u=https:\/\/www.antalyasatilikkonteyner.com\/en\/services\/container-manufacturing\/\" data-label=\"Facebook\" onclick=\"window.open(this.href,this.title,'width=500,height=500,top=300px,left=300px'); return false;\" target=\"_blank\" class=\"icon primary button circle tooltip facebook\" title=\"Share on Facebook\" aria-label=\"Share on Facebook\" rel=\"noopener nofollow\"><i class=\"icon-facebook\" aria-hidden=\"true\"><\/i><\/a><a href=\"https:\/\/twitter.com\/share?url=https:\/\/www.antalyasatilikkonteyner.com\/en\/services\/container-manufacturing\/\" onclick=\"window.open(this.href,this.title,'width=500,height=500,top=300px,left=300px'); return false;\" target=\"_blank\" class=\"icon primary button circle tooltip twitter\" title=\"Share on Twitter\" aria-label=\"Share on Twitter\" rel=\"noopener nofollow\"><i class=\"icon-twitter\" aria-hidden=\"true\"><\/i><\/a><a href=\"mailto:?subject=Container%20Manufacturing&body=Check%20this%20out%3A%20https%3A%2F%2Fwww.antalyasatilikkonteyner.com%2Fen%2Fservices%2Fcontainer-manufacturing%2F\" class=\"icon primary button circle tooltip email\" title=\"Email to a Friend\" aria-label=\"Email to a Friend\" rel=\"nofollow\"><i class=\"icon-envelop\" aria-hidden=\"true\"><\/i><\/a><a href=\"https:\/\/pinterest.com\/pin\/create\/button?url=https:\/\/www.antalyasatilikkonteyner.com\/en\/services\/container-manufacturing\/&media=https:\/\/www.antalyasatilikkonteyner.com\/wp-content\/uploads\/2025\/02\/Konteyner-Uretimi-Antalya-Konteyner-1024x768.webp&description=Container%20Manufacturing\" onclick=\"window.open(this.href,this.title,'width=500,height=500,top=300px,left=300px'); return false;\" target=\"_blank\" class=\"icon primary button circle tooltip pinterest\" title=\"Pin on Pinterest\" aria-label=\"Pin on Pinterest\" rel=\"noopener nofollow\"><i class=\"icon-pinterest\" aria-hidden=\"true\"><\/i><\/a><a href=\"https:\/\/www.linkedin.com\/shareArticle?mini=true&url=https:\/\/www.antalyasatilikkonteyner.com\/en\/services\/container-manufacturing\/&title=Container%20Manufacturing\" onclick=\"window.open(this.href,this.title,'width=500,height=500,top=300px,left=300px'); return false;\" target=\"_blank\" class=\"icon primary button circle tooltip linkedin\" title=\"Share on LinkedIn\" aria-label=\"Share on LinkedIn\" rel=\"noopener nofollow\"><i class=\"icon-linkedin\" aria-hidden=\"true\"><\/i><\/a><\/div>\n\n\n\t\t<\/div>\n\t\t<\/div><\/div>\t\t\n<style>\n#col-909281901 > .is-sticky-column > .is-sticky-column__inner > .col-inner {\n  padding: 10px 10px 10px 10px;\n  margin: 0px 0px 0px 0px;\n  border-radius: 10px;\n}\n@media (min-width:850px) {\n  #col-909281901 > .is-sticky-column > .is-sticky-column__inner > .col-inner {\n    margin: 0px 0px 0px 5px;\n  }\n}\n<\/style>\n\t<\/div>\n\n\t\n\n<\/div>\n\t<div id=\"gap-542376273\" class=\"gap-element clearfix\" style=\"display:block; height:auto;\">\n\t\t\n<style>\n#gap-542376273 {\n  padding-top: 14px;\n}\n<\/style>\n\t<\/div>\n\t\n\n\n","protected":false},"excerpt":{"rendered":"","protected":false},"author":2,"featured_media":1661,"parent":1412,"menu_order":0,"comment_status":"closed","ping_status":"closed","template":"page-blank.php","meta":{"_joinchat":[],"footnotes":""},"class_list":["post-1418","page","type-page","status-publish","has-post-thumbnail","hentry"],"_links":{"self":[{"href":"https:\/\/www.antalyasatilikkonteyner.com\/en\/wp-json\/wp\/v2\/pages\/1418","targetHints":{"allow":["GET"]}}],"collection":[{"href":"https:\/\/www.antalyasatilikkonteyner.com\/en\/wp-json\/wp\/v2\/pages"}],"about":[{"href":"https:\/\/www.antalyasatilikkonteyner.com\/en\/wp-json\/wp\/v2\/types\/page"}],"author":[{"embeddable":true,"href":"https:\/\/www.antalyasatilikkonteyner.com\/en\/wp-json\/wp\/v2\/users\/2"}],"replies":[{"embeddable":true,"href":"https:\/\/www.antalyasatilikkonteyner.com\/en\/wp-json\/wp\/v2\/comments?post=1418"}],"version-history":[{"count":8,"href":"https:\/\/www.antalyasatilikkonteyner.com\/en\/wp-json\/wp\/v2\/pages\/1418\/revisions"}],"predecessor-version":[{"id":1676,"href":"https:\/\/www.antalyasatilikkonteyner.com\/en\/wp-json\/wp\/v2\/pages\/1418\/revisions\/1676"}],"up":[{"embeddable":true,"href":"https:\/\/www.antalyasatilikkonteyner.com\/en\/wp-json\/wp\/v2\/pages\/1412"}],"wp:featuredmedia":[{"embeddable":true,"href":"https:\/\/www.antalyasatilikkonteyner.com\/en\/wp-json\/wp\/v2\/media\/1661"}],"wp:attachment":[{"href":"https:\/\/www.antalyasatilikkonteyner.com\/en\/wp-json\/wp\/v2\/media?parent=1418"}],"curies":[{"name":"wp","href":"https:\/\/api.w.org\/{rel}","templated":true}]}}