{"id":1430,"date":"2025-01-09T17:33:01","date_gmt":"2025-01-09T14:33:01","guid":{"rendered":"https:\/\/www.splusweb.com.tr\/contact\/"},"modified":"2025-03-28T17:19:36","modified_gmt":"2025-03-28T14:19:36","slug":"contact","status":"publish","type":"page","link":"https:\/\/www.antalyasatilikkonteyner.com\/en\/contact\/","title":{"rendered":"Contact"},"content":{"rendered":"\n\n\t<section class=\"section\" id=\"section_2009853350\">\n\t\t<div class=\"section-bg fill\" >\n\t\t\t\t\t\t\t\t\t\n\t\t\t\n\n\t\t<\/div>\n\n\t\t\n\n\t\t<div class=\"section-content relative\">\n\t\t\t\n\n<div class=\"row\"  id=\"row-1983130034\">\n\n\n\t<div id=\"col-1339008132\" class=\"col medium-7 small-12 large-8\"  >\n\t\t\t\t<div class=\"col-inner\"  >\n\t\t\t\n\t\t\t\n\n<h1>Antalya Cotainer Contact \u0130nformation<\/h1>\n<p><strong>ANTALYA KONTEYNER METAL \u0130N\u015e.MALZ.PAZ.NAK.SAN.VE T\u0130C.LTD.\u015eT\u0130<\/strong><\/p>\n<ul>\n<li class=\"bullet-arrow\"><strong>Phone:<\/strong> <a href=\"tel:+90%20(532)%20346%206525\">+90 (532) 346 65 25<\/a><\/li>\n<li class=\"bullet-arrow\"><i class=\"fa fa-envelope\"><\/i><strong>Mail: <\/strong><a href=\"mailto:info@antalyasatilikkonteyner.com\">info@antalyasatilikkonteyner.com<\/a><\/li>\n<\/ul>\n\t<div id=\"text-3425684928\" class=\"text\">\n\t\t\n\n<h2>Branches<\/h2>\n\t\t\n<style>\n#text-3425684928 {\n  text-align: center;\n}\n<\/style>\n\t<\/div>\n\t\n\n\t\t<div class=\"tabbed-content tabs-custom\">\n\t\t\t\n\t\t\t<ul class=\"nav nav-outline nav-uppercase nav-size-normal nav-center\" role=\"tablist\"><li id=\"tab-antalya\" class=\"tab active has-icon\" role=\"presentation\"><a href=\"#tab_antalya\" role=\"tab\" aria-selected=\"true\" aria-controls=\"tab_antalya\"><span>ANTALYA<\/span><\/a><\/li>\n<li id=\"tab-\u0130zm\u0130r\" class=\"tab has-icon\" role=\"presentation\"><a href=\"#tab_\u0130zm\u0130r\" tabindex=\"-1\" role=\"tab\" aria-selected=\"false\" aria-controls=\"tab_\u0130zm\u0130r\"><span>\u0130ZM\u0130R<\/span><\/a><\/li>\n<li id=\"tab-mu\u011ela\" class=\"tab has-icon\" role=\"presentation\"><a href=\"#tab_mu\u011ela\" tabindex=\"-1\" role=\"tab\" aria-selected=\"false\" aria-controls=\"tab_mu\u011ela\"><span>MU\u011eLA<\/span><\/a><\/li>\n<li id=\"tab-konya\" class=\"tab has-icon\" role=\"presentation\"><a href=\"#tab_konya\" tabindex=\"-1\" role=\"tab\" aria-selected=\"false\" aria-controls=\"tab_konya\"><span>KONYA<\/span><\/a><\/li>\n<li id=\"tab-s\u0130vas\" class=\"tab has-icon\" role=\"presentation\"><a href=\"#tab_s\u0130vas\" tabindex=\"-1\" role=\"tab\" aria-selected=\"false\" aria-controls=\"tab_s\u0130vas\"><span>S\u0130VAS<\/span><\/a><\/li>\n<li id=\"tab-d\u0130yarbakir\" class=\"tab has-icon\" role=\"presentation\"><a href=\"#tab_d\u0130yarbakir\" tabindex=\"-1\" role=\"tab\" aria-selected=\"false\" aria-controls=\"tab_d\u0130yarbakir\"><span>D\u0130YARBAKIR<\/span><\/a><\/li><\/ul><div class=\"tab-panels\"><div id=\"tab_antalya\" class=\"panel active entry-content\" role=\"tabpanel\" aria-labelledby=\"tab-antalya\">\n\n<div class=\"row\"  id=\"row-488877770\">\n\n\n\t<div id=\"col-1445197613\" class=\"col small-12 large-12\"  >\n\t\t\t\t<div class=\"col-inner\" style=\"background-color:rgba(46, 49, 52, 0.087);\" >\n\t\t\t\n\t\t\t\n\n\t<div id=\"text-1559852498\" class=\"text\">\n\t\t\n\n<h3 style=\"text-align: center;\"><span data-text-color=\"secondary\"><b>Factory<\/b><\/span><\/h3>\n<ul>\n<li class=\"bullet-arrow\"><strong>Address:<\/strong> Abdurrahmanlar Mah. \u00c7atal\u00e7e\u015fme Cad. B No:17 Serik \/ ANTALYA  <\/li>\n<li class=\"bullet-arrow\"><b>Phone: <\/b><a href=\"tel:+90%20(532)%20346%206525\">+90 (532) 346 65 25<\/a><br><b><\/b><\/li>\n<li class=\"bullet-arrow\"><b>Phone: <\/b><a href=\"tel:+90%20(533)%20659%2064%2025\">+90 (533) 659 64 25<\/a><br><b><\/b><\/li>\n<li class=\"bullet-arrow\"><b>Phone: <\/b><a href=\"tel:+90%20(530)%20135%2082%2058\">+90 (530) 135 82 58<\/a><br><b><\/b><\/li>\n<li class=\"bullet-arrow\"><b>Phone: <\/b><a href=\"tel:+90%20(533)%20255%2092%2058\">+90 (533) 255 92 58<\/a> <\/li>\n<\/ul>\n<hr>\n<h3 style=\"text-align: center;\"><span data-text-color=\"secondary\"><strong>Antalya Serik<\/strong><\/span><\/h3>\n<ul>\n<li class=\"bullet-arrow\"><strong>Address:<\/strong> \u00c7and\u0131r Mah. Atat\u00fcrk \/ \u00c7and\u0131r Cad. No: 1\/2 (\u00c7and\u0131r Kav\u015fa\u011f\u0131) Serik \/ ANTALYA  <\/li>\n<li class=\"bullet-arrow\"><b>Phone: <\/b><a href=\"tel:+90%20(533)%20550%2092%2058\">+90 (533) 550 92 58<\/a><br><b><\/b><\/li>\n<li class=\"bullet-arrow\"><b>Phone: <\/b><a href=\"tel:+90%20(532)%20177%2092%2058\">+90 (532) 177 92 58<\/a><\/li>\n<\/ul>\n<hr>\n<h3 style=\"text-align: center;\"><span data-text-color=\"secondary\"><b>Aksu<\/b><\/span><\/h3>\n<ul>\n<li class=\"bullet-arrow\"><strong>Address: <\/strong>Aksu-Antalya Karayolu Serik Cad. Anfa\u015f Fuar Merkezi \u00d6n\u00fc Aksu \/ ANTALYA <\/li>\n<li class=\"bullet-arrow\"><b>Phone: <\/b><a href=\"tel:+90%20(533)%20506%206825\">+90 (533) 506 68 25<\/a><br><b><\/b><\/li>\n<li class=\"bullet-arrow\"><b>Phone: <\/b><a href=\"tel:+90%20(533)%20653%206325\">+90 (533) 653 63 25<\/a><\/li>\n<\/ul>\n<hr>\n<h3 style=\"text-align: center;\"><span data-text-color=\"secondary\"><b>Manavgat<\/b><\/span><\/h3>\n<ul>\n<li class=\"bullet-arrow\"><strong>Address: <\/strong>Do\u011fan\u00e7am Mevkii Manavgat &#8211; Alanya Yolu \u00dczeri 07600 Manavgat \/ ANTALYA<\/li>\n<li class=\"bullet-arrow\"><b>Phone: <\/b><a href=\"tel:+90%20(531)%20942%2021%2032\">+90 (531) 942 21 32<\/a><\/li>\n<\/ul>\n<hr>\n<h3 style=\"text-align: center;\"><span data-text-color=\"secondary\"><strong>Alanya<\/strong><\/span><\/h3>\n<ul>\n<li class=\"bullet-arrow\"><strong>Address: <\/strong>Merkez K\u00fc\u00e7\u00fckhasbah\u00e7e Mah.606 Sok. NO:4A Alanya\/ANTALYA  <\/li>\n<li class=\"bullet-arrow\"><b>Phone: <\/b><a href=\"tel:+90%20539%20650%2005%2055\" target=\"_blank\" rel=\"noopener\">+90 (539) 650 05 55<\/a><\/li>\n<\/ul>\n<p> <\/p>\n\t\t\n<style>\n#text-1559852498 {\n  text-align: left;\n}\n<\/style>\n\t<\/div>\n\t\n\n\t\t<\/div>\n\t\t\t\t\n<style>\n#col-1445197613 > .col-inner {\n  padding: 15px 15px 0px 15px;\n  border-radius: 25px;\n}\n<\/style>\n\t<\/div>\n\n\t\n\n<\/div>\n\n<\/div>\n<div id=\"tab_\u0130zm\u0130r\" class=\"panel entry-content\" role=\"tabpanel\" aria-labelledby=\"tab-\u0130zm\u0130r\">\n\n<div class=\"row\"  id=\"row-161255385\">\n\n\n\t<div id=\"col-1741782964\" class=\"col small-12 large-12\"  >\n\t\t\t\t<div class=\"col-inner\" style=\"background-color:rgba(46, 49, 52, 0.087);\" >\n\t\t\t\n\t\t\t\n\n<h3 style=\"text-align: center;\"><span data-text-color=\"secondary\"><strong>K\u0131s\u0131kk\u00f6y<\/strong><\/span><\/h3>\n<ul>\n<li class=\"bullet-arrow\"><strong>Address:<\/strong> \u0130zmir Ayd\u0131n Karayolu 35475 Menderes \/ \u0130ZM\u0130R<\/li>\n<li class=\"bullet-arrow\"><b>Phone: <\/b><a href=\"tel:+90%20(533)%20705%2077%2024\">+90 (533) 705 77 24<\/a><br><b><\/b><\/li>\n<li class=\"bullet-arrow\"><b>Phone: <\/b><a href=\"tel:+90%20(533)%20705%2077%2024\">+90 (533) 454 77 24<\/a><\/li>\n<li class=\"bullet-arrow\"><b>Phone: <\/b><a href=\"tel:+90%20(533)%20378%2092%2058\">+90 (533) 378 92 58<\/a> <\/li>\n<li class=\"bullet-arrow\"><b>Phone: <\/b><a href=\"tel:+90%20(532)%20773%2065%2025\">+90 (532) 773 65 25<\/a><\/li>\n<\/ul>\n<hr>\n<h3 style=\"text-align: center;\"><span data-text-color=\"secondary\"><strong>Kemalpa\u015fa<\/strong><\/span><\/h3>\n<ul>\n<li class=\"bullet-arrow\"><strong>Address:<\/strong> 85. Y\u0131l Cumhuriyet Mah. No:523\/A S\u00fct\u00e7iler Kemalpa\u015fa \/ \u0130ZM\u0130R  <\/li>\n<li class=\"bullet-arrow\"><b>Phone: <\/b><a href=\"tel:+90%20(533)%20508%2077%2024\">+90 (533) 508 77 24<\/a><\/li>\n<\/ul>\n\n\t\t<\/div>\n\t\t\t\t\n<style>\n#col-1741782964 > .col-inner {\n  padding: 15px 15px 15px 15px;\n  border-radius: 25px;\n}\n<\/style>\n\t<\/div>\n\n\t\n\n<\/div>\n\n<\/div>\n<div id=\"tab_mu\u011ela\" class=\"panel entry-content\" role=\"tabpanel\" aria-labelledby=\"tab-mu\u011ela\">\n\n<div class=\"row\"  id=\"row-944580928\">\n\n\n\t<div id=\"col-285490104\" class=\"col small-12 large-12\"  >\n\t\t\t\t<div class=\"col-inner\" style=\"background-color:rgba(46, 49, 52, 0.087);\" >\n\t\t\t\n\t\t\t\n\n<h3 style=\"text-align: center;\"><span data-text-color=\"secondary\"><strong>Fethiye<\/strong><\/span><\/h3>\n<ul>\n<li class=\"bullet-arrow\"><strong>Address: <\/strong>Mare\u015fal Fevzi \u00c7akmak, T\u00fcrbe) (CMK) BLV No:38, 48300 Fethiye\/MU\u011eLA<\/li>\n<li class=\"bullet-arrow\"><b>Phone: <\/b><a href=\"tel:+90%20(551)%20656%2056%2025\">+90 (551) 656 56 25<\/a><\/li>\n<\/ul>\n\n\t\t<\/div>\n\t\t\t\t\n<style>\n#col-285490104 > .col-inner {\n  padding: 15px 15px 15px 15px;\n  border-radius: 25px;\n}\n<\/style>\n\t<\/div>\n\n\t\n\n<\/div>\n\n<\/div>\n<div id=\"tab_konya\" class=\"panel entry-content\" role=\"tabpanel\" aria-labelledby=\"tab-konya\">\n\n<div class=\"row\"  id=\"row-192139623\">\n\n\n\t<div id=\"col-113259723\" class=\"col small-12 large-12\"  >\n\t\t\t\t<div class=\"col-inner\" style=\"background-color:rgba(46, 49, 52, 0.087);\" >\n\t\t\t\n\t\t\t\n\n<h3 style=\"text-align: center;\"><span data-text-color=\"secondary\"><strong>Ere\u011fli<\/strong><\/span><\/h3>\n<ul>\n<li class=\"bullet-arrow\"><strong>Address:<\/strong> Ziya G\u00f6kalp Mah. Konya Ere\u011fli Cad. No:2125\/A(Sunpet Petrol \u0130\u00e7i) Ere\u011fli \/ KONYA  <\/li>\n<li class=\"bullet-arrow\"><b>Phone: <\/b><a href=\"tel:+90%20(533)%20135%2042%2007\">+90 (533) 135 42 07<\/a><br><b><\/b><\/li>\n<li class=\"bullet-arrow\"><b>Phone: <\/b><a href=\"tel:+90%20(538)%20488%2003%2013\">+90 (538) 488 03 13<\/a><\/li>\n<\/ul>\n\n\t\t<\/div>\n\t\t\t\t\n<style>\n#col-113259723 > .col-inner {\n  padding: 15px 15px 15px 15px;\n  border-radius: 25px;\n}\n<\/style>\n\t<\/div>\n\n\t\n\n<\/div>\n\n<\/div>\n<div id=\"tab_s\u0130vas\" class=\"panel entry-content\" role=\"tabpanel\" aria-labelledby=\"tab-s\u0130vas\">\n\n<div class=\"row\"  id=\"row-455258530\">\n\n\n\t<div id=\"col-901710842\" class=\"col small-12 large-12\"  >\n\t\t\t\t<div class=\"col-inner\" style=\"background-color:rgba(46, 49, 52, 0.087);\" >\n\t\t\t\n\t\t\t\n\n<h3 style=\"text-align: center;\"><span data-text-color=\"secondary\"><strong>Sivas<\/strong><\/span><\/h3>\n<ul>\n<li class=\"bullet-arrow\"><strong>Address:<\/strong> G\u00fcltepe Mah. Toptanc\u0131lar Cad. 53-3 Sok. No:1 Maqam Ofisleri Kar\u015f\u0131s\u0131 Merkez \/ S\u0130VAS   <\/li>\n<li class=\"bullet-arrow\"><b>Phone: <\/b><a href=\"tel:+90%20(532)%20544%2027%2058\">+90 (532) 544 27 58<\/a><\/li>\n<\/ul>\n\n\t\t<\/div>\n\t\t\t\t\n<style>\n#col-901710842 > .col-inner {\n  padding: 15px 15px 15px 15px;\n  border-radius: 25px;\n}\n<\/style>\n\t<\/div>\n\n\t\n\n<\/div>\n\n<\/div>\n<div id=\"tab_d\u0130yarbakir\" class=\"panel entry-content\" role=\"tabpanel\" aria-labelledby=\"tab-d\u0130yarbakir\">\n\n<div class=\"row\"  id=\"row-367852104\">\n\n\n\t<div id=\"col-1410126773\" class=\"col small-12 large-12\"  >\n\t\t\t\t<div class=\"col-inner\" style=\"background-color:rgba(46, 49, 52, 0.087);\" >\n\t\t\t\n\t\t\t\n\n<h3 style=\"text-align: center;\"><span data-text-color=\"secondary\"><strong>Diyarbak\u0131r<\/strong><\/span><\/h3>\n<ul>\n<li class=\"bullet-arrow\"><strong>Address:<\/strong> Urfa Bulvar\u0131 G\u00f6mmeta\u015f Mah. NO:254 Kayap\u0131nar\/D\u0130YARBAKIR <\/li>\n<li class=\"bullet-arrow\"><b>Phone: <\/b><a href=\"tel:+905322327280\" target=\"_blank\" rel=\"noopener\">+90 (532) 232 72 80<\/a><\/li>\n<\/ul>\n\n\t\t<\/div>\n\t\t\t\t\n<style>\n#col-1410126773 > .col-inner {\n  padding: 15px 15px 15px 15px;\n  border-radius: 25px;\n}\n<\/style>\n\t<\/div>\n\n\t\n\n<\/div>\n\n<\/div><\/div><\/div>\n\n\t\t<\/div>\n\t\t\t\t\t<\/div>\n\n\t\n\n\t<div id=\"col-460009953\" class=\"col medium-5 small-12 large-4\"  >\n\t\t<div class=\"is-sticky-column\"><div class=\"is-sticky-column__inner\">\t\t<div class=\"col-inner\" style=\"background-color:rgba(46, 49, 52, 0.297);\" >\n\t\t\t\n\t\t\t\n\n\n<div class=\"wpcf7 no-js\" id=\"wpcf7-f1628-o1\" lang=\"en-US\" dir=\"ltr\" data-wpcf7-id=\"1628\">\n<div class=\"screen-reader-response\"><p role=\"status\" aria-live=\"polite\" aria-atomic=\"true\"><\/p> <ul><\/ul><\/div>\n<form action=\"\/en\/wp-json\/wp\/v2\/pages\/1430#wpcf7-f1628-o1\" method=\"post\" class=\"wpcf7-form init\" aria-label=\"Contact form\" novalidate=\"novalidate\" data-status=\"init\">\n<fieldset class=\"hidden-fields-container\"><input type=\"hidden\" name=\"_wpcf7\" value=\"1628\" \/><input type=\"hidden\" name=\"_wpcf7_version\" value=\"6.1.5\" \/><input type=\"hidden\" name=\"_wpcf7_locale\" value=\"en_US\" \/><input type=\"hidden\" name=\"_wpcf7_unit_tag\" value=\"wpcf7-f1628-o1\" \/><input type=\"hidden\" name=\"_wpcf7_container_post\" value=\"0\" \/><input type=\"hidden\" name=\"_wpcf7_posted_data_hash\" value=\"\" \/><input type=\"hidden\" name=\"_wpcf7_recaptcha_response\" value=\"\" \/>\n<\/fieldset>\n<p><label> Your Name<br \/>\n<span class=\"wpcf7-form-control-wrap\" data-name=\"your-name\"><input size=\"40\" maxlength=\"400\" class=\"wpcf7-form-control wpcf7-text wpcf7-validates-as-required\" autocomplete=\"name\" aria-required=\"true\" aria-invalid=\"false\" value=\"\" type=\"text\" name=\"your-name\" \/><\/span> <\/label>\n<\/p>\n<p><label> Your Email<br \/>\n<span class=\"wpcf7-form-control-wrap\" data-name=\"your-email\"><input size=\"40\" maxlength=\"400\" class=\"wpcf7-form-control wpcf7-email wpcf7-validates-as-required wpcf7-text wpcf7-validates-as-email\" autocomplete=\"email\" aria-required=\"true\" aria-invalid=\"false\" value=\"\" type=\"email\" name=\"your-email\" \/><\/span> <\/label><br \/>\n<label> Your Phone Number<br \/>\n<span class=\"wpcf7-form-control-wrap\" data-name=\"tel-902\"><input size=\"40\" maxlength=\"400\" class=\"wpcf7-form-control wpcf7-tel wpcf7-validates-as-required wpcf7-text wpcf7-validates-as-tel\" aria-required=\"true\" aria-invalid=\"false\" value=\"\" type=\"tel\" name=\"tel-902\" \/><\/span><\/label>\n<\/p>\n<p><label> Subject<br \/>\n<span class=\"wpcf7-form-control-wrap\" data-name=\"your-subject\"><input size=\"40\" maxlength=\"400\" class=\"wpcf7-form-control wpcf7-text wpcf7-validates-as-required\" aria-required=\"true\" aria-invalid=\"false\" value=\"\" type=\"text\" name=\"your-subject\" \/><\/span> <\/label>\n<\/p>\n<p><label> Your Message<br \/>\n<span class=\"wpcf7-form-control-wrap\" data-name=\"your-message\"><textarea cols=\"40\" rows=\"10\" maxlength=\"2000\" class=\"wpcf7-form-control wpcf7-textarea wpcf7-validates-as-required\" aria-required=\"true\" aria-invalid=\"false\" name=\"your-message\"><\/textarea><\/span> <\/label><br \/>\n<input class=\"wpcf7-form-control wpcf7-submit has-spinner\" type=\"submit\" value=\"Send\" \/>\n<\/p><div class=\"wpcf7-response-output\" aria-hidden=\"true\"><\/div>\n<\/form>\n<\/div>\n\n\n\n\t\t<\/div>\n\t\t<\/div><\/div>\t\t\n<style>\n#col-460009953 > .is-sticky-column > .is-sticky-column__inner > .col-inner {\n  padding: 15px 15px 15px 15px;\n  border-radius: 30px;\n}\n<\/style>\n\t<\/div>\n\n\t\n\n<\/div>\n<div class=\"row\"  id=\"row-410876579\">\n\n\n\t<div id=\"col-1250593373\" class=\"col medium-6 small-12 large-6\"  >\n\t\t\t\t<div class=\"col-inner\"  >\n\t\t\t\n\t<div class=\"is-border\"\n\t\tstyle=\"border-width:1px 1px 1px 1px;\">\n\t<\/div>\n\t\t\t\n\n<p style=\"text-align: center;\"><strong>Showroom Address<\/strong><\/p>\n<p><iframe src=\"https:\/\/www.google.com\/maps\/embed?pb=!1m14!1m8!1m3!1d1603561.6529722097!2d24.7676468!3d38.2805046!3m2!1i1024!2i768!4f13.1!3m3!1m2!1s0x14b95fd77737fa27%3A0x92af792ec523ff57!2zQW50YWx5YSBLb250ZXluZXIgxLB6bWlyIEvEsXPEsWtsxLE!5e0!3m2!1str!2str!4v1737559523012!5m2!1str!2str\" width=\"600\" height=\"450\" style=\"border:0;\" allowfullscreen=\"\" loading=\"lazy\" referrerpolicy=\"no-referrer-when-downgrade\"><\/iframe><\/p>\n\n\t\t<\/div>\n\t\t\t\t\t<\/div>\n\n\t\n\n\t<div id=\"col-947418616\" class=\"col medium-6 small-12 large-6\"  >\n\t\t\t\t<div class=\"col-inner\"  >\n\t\t\t\n\t<div class=\"is-border\"\n\t\tstyle=\"border-width:1px 1px 1px 1px;\">\n\t<\/div>\n\t\t\t\n\n<p style=\"text-align: center;\"><strong>Factory Address<\/strong><\/p>\n<p><iframe loading=\"lazy\" style=\"border: 0;\" src=\"https:\/\/www.google.com\/maps\/embed?pb=!1m18!1m12!1m3!1d3779.5023682940277!2d30.94172097627693!3d37.00424905617022!2m3!1f0!2f0!3f0!3m2!1i1024!2i768!4f13.1!3m3!1m2!1s0x14c4814a5c96f065%3A0xde926bd952725866!2sANTALYA%20KONTEYNER%20FABR%C4%B0KA!5e1!3m2!1str!2str!4v1737180901826!5m2!1str!2str\" width=\"600\" height=\"450\" allowfullscreen=\"allowfullscreen\"><\/iframe><\/p>\n\n\t\t<\/div>\n\t\t\t\t\t<\/div>\n\n\t\n\n<\/div>\n\n\t\t<\/div>\n\n\t\t\n<style>\n#section_2009853350 {\n  padding-top: 30px;\n  padding-bottom: 30px;\n}\n<\/style>\n\t<\/section>\n\t\n\n","protected":false},"excerpt":{"rendered":"","protected":false},"author":2,"featured_media":0,"parent":0,"menu_order":0,"comment_status":"closed","ping_status":"closed","template":"page-blank.php","meta":{"_joinchat":[],"footnotes":""},"class_list":["post-1430","page","type-page","status-publish","hentry"],"_links":{"self":[{"href":"https:\/\/www.antalyasatilikkonteyner.com\/en\/wp-json\/wp\/v2\/pages\/1430","targetHints":{"allow":["GET"]}}],"collection":[{"href":"https:\/\/www.antalyasatilikkonteyner.com\/en\/wp-json\/wp\/v2\/pages"}],"about":[{"href":"https:\/\/www.antalyasatilikkonteyner.com\/en\/wp-json\/wp\/v2\/types\/page"}],"author":[{"embeddable":true,"href":"https:\/\/www.antalyasatilikkonteyner.com\/en\/wp-json\/wp\/v2\/users\/2"}],"replies":[{"embeddable":true,"href":"https:\/\/www.antalyasatilikkonteyner.com\/en\/wp-json\/wp\/v2\/comments?post=1430"}],"version-history":[{"count":3,"href":"https:\/\/www.antalyasatilikkonteyner.com\/en\/wp-json\/wp\/v2\/pages\/1430\/revisions"}],"predecessor-version":[{"id":1725,"href":"https:\/\/www.antalyasatilikkonteyner.com\/en\/wp-json\/wp\/v2\/pages\/1430\/revisions\/1725"}],"wp:attachment":[{"href":"https:\/\/www.antalyasatilikkonteyner.com\/en\/wp-json\/wp\/v2\/media?parent=1430"}],"curies":[{"name":"wp","href":"https:\/\/api.w.org\/{rel}","templated":true}]}}