{"id":1484,"date":"2025-01-20T14:00:53","date_gmt":"2025-01-20T11:00:53","guid":{"rendered":"https:\/\/www.splusweb.com.tr\/%d0%bd%d0%b0%d1%88%d0%b8-%d1%83%d1%81%d0%bb%d1%83%d0%b3%d0%b8\/%d0%bf%d1%80%d0%be%d0%b8%d0%b7%d0%b2%d0%be%d0%b4%d1%81%d1%82%d0%b2%d0%be-%d0%ba%d0%be%d0%bd%d1%82%d0%b5%d0%b9%d0%bd%d0%b5%d1%80%d0%be%d0%b2\/"},"modified":"2025-02-24T12:55:35","modified_gmt":"2025-02-24T09:55:35","slug":"%d0%bf%d1%80%d0%be%d0%b8%d0%b7%d0%b2%d0%be%d0%b4%d1%81%d1%82%d0%b2%d0%be-%d0%ba%d0%be%d0%bd%d1%82%d0%b5%d0%b9%d0%bd%d0%b5%d1%80%d0%be%d0%b2","status":"publish","type":"page","link":"https:\/\/www.antalyasatilikkonteyner.com\/ru\/%d0%bd%d0%b0%d1%88%d0%b8-%d1%83%d1%81%d0%bb%d1%83%d0%b3%d0%b8\/%d0%bf%d1%80%d0%be%d0%b8%d0%b7%d0%b2%d0%be%d0%b4%d1%81%d1%82%d0%b2%d0%be-%d0%ba%d0%be%d0%bd%d1%82%d0%b5%d0%b9%d0%bd%d0%b5%d1%80%d0%be%d0%b2\/","title":{"rendered":"\u041f\u0440\u043e\u0438\u0437\u0432\u043e\u0434\u0441\u0442\u0432\u043e \u043a\u043e\u043d\u0442\u0435\u0439\u043d\u0435\u0440\u043e\u0432"},"content":{"rendered":"\n\n  <div class=\"banner has-hover\" id=\"banner-1071330886\">\n          <div class=\"banner-inner fill\">\n        <div class=\"banner-bg fill\" >\n            <img loading=\"lazy\" decoding=\"async\" width=\"2560\" height=\"1920\" src=\"https:\/\/www.antalyasatilikkonteyner.com\/wp-content\/uploads\/2025\/02\/Konteyner-Uretimi-Antalya-Konteyner-scaled.webp\" class=\"bg attachment-original size-original\" alt=\"Konteyner \u00dcretimi - Antalya Konteyner\" \/>                        <div class=\"overlay\"><\/div>            \n                    <\/div>\n\t\t\n        <div class=\"banner-layers container\">\n            <div class=\"fill banner-link\"><\/div>            \n\n   <div id=\"text-box-881594855\" class=\"text-box banner-layer x50 md-x50 lg-x50 y50 md-y50 lg-y50 res-text\">\n                                <div class=\"text-box-content text dark\">\n              \n              <div class=\"text-inner text-center\">\n                  \n\n<h1><strong>\u041f\u0440\u043e\u0438\u0437\u0432\u043e\u0434\u0441\u0442\u0432\u043e \u043a\u043e\u043d\u0442\u0435\u0439\u043d\u0435\u0440\u043e\u0432<\/strong><\/h1>\n\n              <\/div>\n           <\/div>\n                            \n<style>\n#text-box-881594855 {\n  width: 60%;\n}\n#text-box-881594855 .text-box-content {\n  font-size: 100%;\n}\n<\/style>\n    <\/div>\n \n\n        <\/div>\n      <\/div>\n\n            \n<style>\n#banner-1071330886 {\n  padding-top: 210px;\n  background-color: #f58121;\n}\n#banner-1071330886 .overlay {\n  background-color: rgba(0, 0, 0, 0.669);\n}\n#banner-1071330886 .banner-bg img {\n  object-position: 43% 60%;\n}\n@media (min-width:550px) {\n  #banner-1071330886 {\n    padding-top: 430px;\n  }\n}\n@media (min-width:850px) {\n  #banner-1071330886 {\n    padding-top: 600px;\n  }\n}\n<\/style>\n  <\/div>\n\n\n\t<div id=\"gap-1688698893\" class=\"gap-element clearfix\" style=\"display:block; height:auto;\">\n\t\t\n<style>\n#gap-1688698893 {\n  padding-top: 14px;\n}\n<\/style>\n\t<\/div>\n\t\n\n<div class=\"row row-collapse align-center\"  id=\"row-830982229\">\n\n\n\t<div id=\"col-1278353743\" class=\"col medium-12 small-12 large-8\"  >\n\t\t\t\t<div class=\"col-inner\" style=\"background-color:rgba(46, 49, 52, 0.081);\" >\n\t\t\t\n\t\t\t\n\n<p>\u041a\u043e\u043c\u043f\u0430\u043d\u0438\u044f <strong>Antalya Konteyner <\/strong>\u043f\u043e\u043b\u043d\u043e\u0441\u0442\u044c\u044e \u043a\u043e\u043d\u0442\u0440\u043e\u043b\u0438\u0440\u0443\u0435\u0442 \u0432\u0441\u0435 \u044d\u0442\u0430\u043f\u044b \u043f\u0440\u043e\u0438\u0437\u0432\u043e\u0434\u0441\u0442\u0432\u0430 \u043d\u0430 \u0441\u0432\u043e\u0435\u043c \u0441\u043e\u0431\u0441\u0442\u0432\u0435\u043d\u043d\u043e\u043c \u0437\u0430\u0432\u043e\u0434\u0435. \u041d\u0430\u0448\u0438 \u0438\u0437\u0434\u0435\u043b\u0438\u044f \u0438\u0437\u0433\u043e\u0442\u0430\u0432\u043b\u0438\u0432\u0430\u044e\u0442\u0441\u044f \u0441 \u0438\u0441\u043f\u043e\u043b\u044c\u0437\u043e\u0432\u0430\u043d\u0438\u0435\u043c \u0441\u0442\u0430\u043b\u044c\u043d\u044b\u0445 \u0440\u0430\u043c, \u0447\u0442\u043e \u043e\u0431\u0435\u0441\u043f\u0435\u0447\u0438\u0432\u0430\u0435\u0442 \u0438\u0445 \u0434\u043e\u043b\u0433\u043e\u0432\u0435\u0447\u043d\u043e\u0441\u0442\u044c \u0438 \u0431\u0435\u0437\u043e\u043f\u0430\u0441\u043d\u043e\u0441\u0442\u044c \u043f\u0440\u0438 \u0442\u0440\u0430\u043d\u0441\u043f\u043e\u0440\u0442\u0438\u0440\u043e\u0432\u043a\u0435. <\/p>\n<p><strong>\u041d\u0430\u0448\u0430 \u0441\u0438\u0441\u0442\u0435\u043c\u0430 \u0441\u044d\u043d\u0434\u0432\u0438\u0447-\u043f\u0430\u043d\u0435\u043b\u0435\u0439 \u0434\u043b\u044f \u0441\u0442\u0435\u043d \u0438 \u043f\u043e\u0442\u043e\u043b\u043a\u043e\u0432 \u043e\u043f\u0442\u0438\u043c\u0438\u0437\u0438\u0440\u0443\u0435\u0442 \u0442\u0435\u043f\u043b\u043e<\/strong>&#8212; \u0438 \u0437\u0432\u0443\u043a\u043e\u0438\u0437\u043e\u043b\u044f\u0446\u0438\u044e, \u043f\u0440\u0435\u0434\u043e\u0441\u0442\u0430\u0432\u043b\u044f\u044f \u043a\u0430\u043a \u044d\u043a\u043e\u043d\u043e\u043c\u0438\u0447\u043d\u044b\u0439, \u0442\u0430\u043a \u0438 \u043a\u043e\u043c\u0444\u043e\u0440\u0442\u043d\u044b\u0439 \u043e\u043f\u044b\u0442 \u044d\u043a\u0441\u043f\u043b\u0443\u0430\u0442\u0430\u0446\u0438\u0438. \u041f\u043e\u0434\u043e\u0448\u0432\u0430, \u0432\u044b\u043f\u043e\u043b\u043d\u0435\u043d\u043d\u0430\u044f \u0438\u0437 \u0431\u0435\u0442\u043e\u043f\u0430\u043d\u0430 \u0438 \u043c\u0438\u043d\u0444\u043b\u043e\u0440\u0430, \u043e\u0431\u0435\u0441\u043f\u0435\u0447\u0438\u0432\u0430\u0435\u0442 \u0432\u043e\u0434\u043e\u043e\u0442\u0442\u0430\u043b\u043a\u0438\u0432\u0430\u044e\u0449\u0438\u0435 \u0441\u0432\u043e\u0439\u0441\u0442\u0432\u0430 \u0438 \u0433\u0438\u0433\u0438\u0435\u043d\u0438\u0447\u043d\u043e\u0441\u0442\u044c. <\/p>\n<p>\u041d\u0430\u0448\u0438 \u0434\u0432\u0435\u0440\u043d\u044b\u0435 \u0438 \u043e\u043a\u043e\u043d\u043d\u044b\u0435 \u0440\u0430\u043c\u044b \u0438\u0437\u0433\u043e\u0442\u0430\u0432\u043b\u0438\u0432\u0430\u044e\u0442\u0441\u044f \u0441 \u0438\u0441\u043f\u043e\u043b\u044c\u0437\u043e\u0432\u0430\u043d\u0438\u0435\u043c \u0441\u043f\u0435\u0446\u0438\u0430\u043b\u0438\u0437\u0438\u0440\u043e\u0432\u0430\u043d\u043d\u044b\u0445 U-\u043e\u0431\u0440\u0430\u0437\u043d\u044b\u0445 \u0440\u0430\u043c, \u043a\u043e\u0442\u043e\u0440\u044b\u0435 \u043e\u0431\u044a\u0435\u0434\u0438\u043d\u044f\u044e\u0442 \u044d\u0441\u0442\u0435\u0442\u0438\u043a\u0443 \u0438 \u043f\u0440\u043e\u0447\u043d\u043e\u0441\u0442\u044c. \u042d\u0442\u0438 \u0434\u0435\u0442\u0430\u043b\u0438 \u043f\u0440\u0438\u0434\u0430\u044e\u0442 \u043a\u043e\u043d\u0442\u0435\u0439\u043d\u0435\u0440\u0443 \u043a\u0430\u043a \u0432\u043d\u0435\u0448\u043d\u0438\u0439, \u0442\u0430\u043a \u0438 \u0432\u043d\u0443\u0442\u0440\u0435\u043d\u043d\u0438\u0439 \u0438\u0437\u044b\u0441\u043a\u0430\u043d\u043d\u044b\u0439 \u0432\u0438\u0434. <\/p>\n<p>\u041e\u0441\u043d\u043e\u0432\u043d\u044b\u0435 \u0432\u0438\u0434\u044b \u043f\u0440\u043e\u0434\u0443\u043a\u0446\u0438\u0438:<\/p>\n<ul>\n<li>\u0421\u0442\u0430\u043d\u0434\u0430\u0440\u0442\u043d\u044b\u0435 \u043a\u043e\u043d\u0442\u0435\u0439\u043d\u0435\u0440\u044b<\/li>\n<li>\u041a\u043e\u043d\u0442\u0435\u0439\u043d\u0435\u0440\u044b \u0434\u043b\u044f \u0436\u0438\u043b\u044c\u044f<\/li>\n<li>\u041a\u043e\u043d\u0442\u0435\u0439\u043d\u0435\u0440\u044b \u0434\u043b\u044f \u0441\u0442\u0440\u043e\u0438\u0442\u0435\u043b\u044c\u043d\u044b\u0445 \u043f\u043b\u043e\u0449\u0430\u0434\u043e\u043a<\/li>\n<li>\u041a\u043e\u043d\u0442\u0435\u0439\u043d\u0435\u0440\u044b \u0441 \u0442\u0443\u0430\u043b\u0435\u0442\u0430\u043c\u0438 \u0438 \u0434\u0443\u0448\u0435\u0432\u044b\u043c\u0438<\/li>\n<li>\u041e\u0445\u0440\u0430\u043d\u043d\u044b\u0435 \u0431\u0443\u0434\u043a\u0438<\/li>\n<li>\u041a\u043e\u043d\u0442\u0435\u0439\u043d\u0435\u0440\u044b \u0441 \u043a\u0440\u044b\u0448\u0430\u043c\u0438 \u0434\u043b\u044f \u0436\u0438\u043b\u044c\u044f<\/li>\n<li>\u041c\u0435\u0442\u0440\u043e\u043f\u043e\u043b\u044c\u043d\u044b\u0435 \u043e\u0444\u0438\u0441\u043d\u044b\u0435 \u043a\u043e\u043d\u0442\u0435\u0439\u043d\u0435\u0440\u044b<\/li>\n<li>\u0421\u043e\u0441\u0442\u0430\u0432\u043d\u044b\u0435 \u043a\u043e\u043d\u0442\u0435\u0439\u043d\u0435\u0440\u044b<\/li>\n<li>\u041a\u043e\u043d\u0442\u0435\u0439\u043d\u0435\u0440\u044b \u043d\u0430 \u0437\u0430\u043a\u0430\u0437 \u0434\u043b\u044f \u043f\u0440\u043e\u0435\u043a\u0442\u043e\u0432<\/li>\n<li>\u041a\u043e\u043d\u0442\u0435\u0439\u043d\u0435\u0440\u044b \u0441 \u0434\u0435\u0440\u0435\u0432\u044f\u043d\u043d\u043e\u0439 \u043e\u0442\u0434\u0435\u043b\u043a\u043e\u0439<\/li>\n<li>\u041a\u043e\u043d\u0442\u0435\u0439\u043d\u0435\u0440\u044b \u0441 \u0438\u043d\u0434\u0438\u0432\u0438\u0434\u0443\u0430\u043b\u044c\u043d\u044b\u043c\u0438 \u0446\u0432\u0435\u0442\u0430\u043c\u0438<\/li>\n<\/ul>\n<p>\u0412\u0441\u0435 \u044d\u0442\u043e \u0438 \u043c\u043d\u043e\u0433\u043e\u0435 \u0434\u0440\u0443\u0433\u043e\u0435 \u0441 \u0433\u0430\u0440\u0430\u043d\u0442\u0438\u0435\u0439 \u043e\u0442 <strong>Antalya Konteyner<\/strong>.<\/p>\n\n\t\t<\/div>\n\t\t\t\t\n<style>\n#col-1278353743 > .col-inner {\n  padding: 15px 15px 15px 15px;\n  border-radius: 15px;\n}\n<\/style>\n\t<\/div>\n\n\t\n\n\t<div id=\"col-491220513\" class=\"col medium-7 small-11 large-4\"  data-animate=\"bounceInRight\">\n\t\t<div class=\"is-sticky-column\"><div class=\"is-sticky-column__inner\">\t\t<div class=\"col-inner text-center dark\" style=\"background-color:#f58121;\" >\n\t\t\t\n\t<div class=\"is-border\"\n\t\tstyle=\"border-color:rgb(142, 142, 142);border-radius:10px;border-width:1px 1px 1px 1px;\">\n\t<\/div>\n\t\t\t\n\n\t<div id=\"text-3565666252\" class=\"text\">\n\t\t\n\n<h2 style=\"text-align: center;\"><span style=\"font-size: 100%; color: #ffffff;\">\u041a\u043e\u043d\u0442\u0430\u043a\u0442\u043d\u0430\u044f \u0438\u043d\u0444\u043e\u0440\u043c\u0430\u0446\u0438\u044f<\/span><\/h2>\n\t\t\n<style>\n#text-3565666252 {\n  text-align: left;\n  color: rgb(255,255,255);\n}\n#text-3565666252 > * {\n  color: rgb(255,255,255);\n}\n<\/style>\n\t<\/div>\n\t\n\n\n<button class=\"whatsapp\">\n                <img decoding=\"async\" src=\"https:\/\/www.antalyasatilikkonteyner.com\/wp-content\/uploads\/2025\/01\/Whatsapp-icon.webp\" alt=\"WhatsApp Icon\" class=\"wa-icon\" style=\"width: 30px; height: 30px; margin-right: 8px;\">\n                WhatsApp \u041f\u043e\u0434\u0434\u0435\u0440\u0436\u043a\u0430\n               <\/button><script>\n        document.querySelector(\".whatsapp\").addEventListener(\"click\", function(event) {\n            var currentURL = window.location.href;  \/\/ Mevcut sayfan\u0131n URL'sini al\n\n            \/\/ Sayfan\u0131n dilini al\n            var lang = document.documentElement.lang || navigator.language || navigator.userLanguage;\n\n            \/\/ Mesaj metnini dil baz\u0131nda ayarla\n            var message;\n            if (lang.indexOf(\"de\") !== -1) {\n                message = \"Hallo! Ich m\u00f6chte Informationen \u00fcber: \" + currentURL;\n            } else if (lang.indexOf(\"ru\") !== -1) {\n                message = \"\u0417\u0434\u0440\u0430\u0432\u0441\u0442\u0432\u0443\u0439\u0442\u0435! \u042f \u0445\u043e\u0447\u0443 \u043f\u043e\u043b\u0443\u0447\u0438\u0442\u044c \u0438\u043d\u0444\u043e\u0440\u043c\u0430\u0446\u0438\u044e \u043e: \" + currentURL;\n            } else if (lang.indexOf(\"tr\") !== -1) {\n                message = \"Merhaba! Bu konuda bilgi almak istiyorum: \" + currentURL;\n            } else {\n                message = \"Hello! I want to get Information About: \" + currentURL;\n            }\n\n            var whatsappURL = \"https:\/\/wa.me\/+905321779258?text=\" + encodeURIComponent(message); \/\/BURADA TELEFON NUMARASI DE\u011e\u0130\u015eECEK >>>><<<<<<<<<<<<<<\n            \n            \/\/ Yeni sekmede a\u00e7\n            window.open(whatsappURL, \"_blank\");\n        });\n    <\/script>\n\n<a href=\"tel:+90%20532%20346%2065%2025\" class=\"button primary is-gloss\" style=\"border-radius:17px;\">\n\t<i class=\"icon-phone\" aria-hidden=\"true\"><\/i>\t<span>+90 532 346 65 25<\/span>\n\t<\/a>\n\n\n<a href=\"mailto:info@antalyasatilikkonteyner.com\" class=\"button primary is-gloss\" style=\"border-radius:17px;\">\n\t<i class=\"icon-envelop\" aria-hidden=\"true\"><\/i>\t<span>\u041e\u0442\u043f\u0440\u0430\u0432\u0438\u0442\u044c email<\/span>\n\t<\/a>\n\n\n<div class=\"social-icons share-icons share-row relative full-width text-center icon-style-fill\" ><a href=\"whatsapp:\/\/send?text=%D0%9F%D1%80%D0%BE%D0%B8%D0%B7%D0%B2%D0%BE%D0%B4%D1%81%D1%82%D0%B2%D0%BE%20%D0%BA%D0%BE%D0%BD%D1%82%D0%B5%D0%B9%D0%BD%D0%B5%D1%80%D0%BE%D0%B2 - https:\/\/www.antalyasatilikkonteyner.com\/ru\/%d0%bd%d0%b0%d1%88%d0%b8-%d1%83%d1%81%d0%bb%d1%83%d0%b3%d0%b8\/%d0%bf%d1%80%d0%be%d0%b8%d0%b7%d0%b2%d0%be%d0%b4%d1%81%d1%82%d0%b2%d0%be-%d0%ba%d0%be%d0%bd%d1%82%d0%b5%d0%b9%d0%bd%d0%b5%d1%80%d0%be%d0%b2\/\" data-action=\"share\/whatsapp\/share\" class=\"icon primary button circle tooltip whatsapp show-for-medium\" title=\"Share on WhatsApp\" aria-label=\"Share on WhatsApp\"><i class=\"icon-whatsapp\" aria-hidden=\"true\"><\/i><\/a><a href=\"https:\/\/www.facebook.com\/sharer.php?u=https:\/\/www.antalyasatilikkonteyner.com\/ru\/%d0%bd%d0%b0%d1%88%d0%b8-%d1%83%d1%81%d0%bb%d1%83%d0%b3%d0%b8\/%d0%bf%d1%80%d0%be%d0%b8%d0%b7%d0%b2%d0%be%d0%b4%d1%81%d1%82%d0%b2%d0%be-%d0%ba%d0%be%d0%bd%d1%82%d0%b5%d0%b9%d0%bd%d0%b5%d1%80%d0%be%d0%b2\/\" data-label=\"Facebook\" onclick=\"window.open(this.href,this.title,'width=500,height=500,top=300px,left=300px'); return false;\" target=\"_blank\" class=\"icon primary button circle tooltip facebook\" title=\"\u041e\u043f\u0443\u0431\u043b\u0438\u043a\u043e\u0432\u0430\u0442\u044c \u043d\u0430 \u0424\u044d\u0439\u0441\u0431\u0443\u043a\u0435\" aria-label=\"\u041e\u043f\u0443\u0431\u043b\u0438\u043a\u043e\u0432\u0430\u0442\u044c \u043d\u0430 \u0424\u044d\u0439\u0441\u0431\u0443\u043a\u0435\" rel=\"noopener nofollow\"><i class=\"icon-facebook\" aria-hidden=\"true\"><\/i><\/a><a href=\"https:\/\/twitter.com\/share?url=https:\/\/www.antalyasatilikkonteyner.com\/ru\/%d0%bd%d0%b0%d1%88%d0%b8-%d1%83%d1%81%d0%bb%d1%83%d0%b3%d0%b8\/%d0%bf%d1%80%d0%be%d0%b8%d0%b7%d0%b2%d0%be%d0%b4%d1%81%d1%82%d0%b2%d0%be-%d0%ba%d0%be%d0%bd%d1%82%d0%b5%d0%b9%d0%bd%d0%b5%d1%80%d0%be%d0%b2\/\" onclick=\"window.open(this.href,this.title,'width=500,height=500,top=300px,left=300px'); return false;\" target=\"_blank\" class=\"icon primary button circle tooltip twitter\" title=\"\u041e\u043f\u0443\u0431\u043b\u0438\u043a\u043e\u0432\u0430\u0442\u044c \u043d\u0430 \u0422\u0432\u0438\u0442\u0442\u0435\u0440\u0435\" aria-label=\"\u041e\u043f\u0443\u0431\u043b\u0438\u043a\u043e\u0432\u0430\u0442\u044c \u043d\u0430 \u0422\u0432\u0438\u0442\u0442\u0435\u0440\u0435\" rel=\"noopener nofollow\"><i class=\"icon-twitter\" aria-hidden=\"true\"><\/i><\/a><a href=\"mailto:?subject=%D0%9F%D1%80%D0%BE%D0%B8%D0%B7%D0%B2%D0%BE%D0%B4%D1%81%D1%82%D0%B2%D0%BE%20%D0%BA%D0%BE%D0%BD%D1%82%D0%B5%D0%B9%D0%BD%D0%B5%D1%80%D0%BE%D0%B2&body=Check%20this%20out%3A%20https%3A%2F%2Fwww.antalyasatilikkonteyner.com%2Fru%2F%25d0%25bd%25d0%25b0%25d1%2588%25d0%25b8-%25d1%2583%25d1%2581%25d0%25bb%25d1%2583%25d0%25b3%25d0%25b8%2F%25d0%25bf%25d1%2580%25d0%25be%25d0%25b8%25d0%25b7%25d0%25b2%25d0%25be%25d0%25b4%25d1%2581%25d1%2582%25d0%25b2%25d0%25be-%25d0%25ba%25d0%25be%25d0%25bd%25d1%2582%25d0%25b5%25d0%25b9%25d0%25bd%25d0%25b5%25d1%2580%25d0%25be%25d0%25b2%2F\" class=\"icon primary button circle tooltip email\" title=\"\u041e\u0442\u043f\u0440\u0430\u0432\u0438\u0442\u044c \u0434\u0440\u0443\u0437\u044c\u044f\u043c \u043d\u0430 e-mail\" aria-label=\"\u041e\u0442\u043f\u0440\u0430\u0432\u0438\u0442\u044c \u0434\u0440\u0443\u0437\u044c\u044f\u043c \u043d\u0430 e-mail\" rel=\"nofollow\"><i class=\"icon-envelop\" aria-hidden=\"true\"><\/i><\/a><a href=\"https:\/\/pinterest.com\/pin\/create\/button?url=https:\/\/www.antalyasatilikkonteyner.com\/ru\/%d0%bd%d0%b0%d1%88%d0%b8-%d1%83%d1%81%d0%bb%d1%83%d0%b3%d0%b8\/%d0%bf%d1%80%d0%be%d0%b8%d0%b7%d0%b2%d0%be%d0%b4%d1%81%d1%82%d0%b2%d0%be-%d0%ba%d0%be%d0%bd%d1%82%d0%b5%d0%b9%d0%bd%d0%b5%d1%80%d0%be%d0%b2\/&media=https:\/\/www.antalyasatilikkonteyner.com\/wp-content\/uploads\/2025\/02\/Konteyner-Uretimi-Antalya-Konteyner-1024x768.webp&description=%D0%9F%D1%80%D0%BE%D0%B8%D0%B7%D0%B2%D0%BE%D0%B4%D1%81%D1%82%D0%B2%D0%BE%20%D0%BA%D0%BE%D0%BD%D1%82%D0%B5%D0%B9%D0%BD%D0%B5%D1%80%D0%BE%D0%B2\" onclick=\"window.open(this.href,this.title,'width=500,height=500,top=300px,left=300px'); return false;\" target=\"_blank\" class=\"icon primary button circle tooltip pinterest\" title=\"\u041e\u043f\u0443\u0431\u043b\u0438\u043a\u043e\u0432\u0430\u0442\u044c \u043d\u0430 Pinterest\" aria-label=\"\u041e\u043f\u0443\u0431\u043b\u0438\u043a\u043e\u0432\u0430\u0442\u044c \u043d\u0430 Pinterest\" rel=\"noopener nofollow\"><i class=\"icon-pinterest\" aria-hidden=\"true\"><\/i><\/a><a href=\"https:\/\/www.linkedin.com\/shareArticle?mini=true&url=https:\/\/www.antalyasatilikkonteyner.com\/ru\/%d0%bd%d0%b0%d1%88%d0%b8-%d1%83%d1%81%d0%bb%d1%83%d0%b3%d0%b8\/%d0%bf%d1%80%d0%be%d0%b8%d0%b7%d0%b2%d0%be%d0%b4%d1%81%d1%82%d0%b2%d0%be-%d0%ba%d0%be%d0%bd%d1%82%d0%b5%d0%b9%d0%bd%d0%b5%d1%80%d0%be%d0%b2\/&title=%D0%9F%D1%80%D0%BE%D0%B8%D0%B7%D0%B2%D0%BE%D0%B4%D1%81%D1%82%D0%B2%D0%BE%20%D0%BA%D0%BE%D0%BD%D1%82%D0%B5%D0%B9%D0%BD%D0%B5%D1%80%D0%BE%D0%B2\" onclick=\"window.open(this.href,this.title,'width=500,height=500,top=300px,left=300px'); return false;\" target=\"_blank\" class=\"icon primary button circle tooltip linkedin\" title=\"Share on LinkedIn\" aria-label=\"Share on LinkedIn\" rel=\"noopener nofollow\"><i class=\"icon-linkedin\" aria-hidden=\"true\"><\/i><\/a><\/div>\n\n\n\t\t<\/div>\n\t\t<\/div><\/div>\t\t\n<style>\n#col-491220513 > .is-sticky-column > .is-sticky-column__inner > .col-inner {\n  padding: 10px 10px 10px 10px;\n  margin: 0px 0px 0px 0px;\n  border-radius: 10px;\n}\n@media (min-width:850px) {\n  #col-491220513 > .is-sticky-column > .is-sticky-column__inner > .col-inner {\n    margin: 0px 0px 0px 5px;\n  }\n}\n<\/style>\n\t<\/div>\n\n\t\n\n<\/div>\n\t<div id=\"gap-1653895623\" class=\"gap-element clearfix\" style=\"display:block; height:auto;\">\n\t\t\n<style>\n#gap-1653895623 {\n  padding-top: 14px;\n}\n<\/style>\n\t<\/div>\n\t\n\n\n","protected":false},"excerpt":{"rendered":"","protected":false},"author":2,"featured_media":1662,"parent":1479,"menu_order":0,"comment_status":"closed","ping_status":"closed","template":"page-blank.php","meta":{"_joinchat":[],"footnotes":""},"class_list":["post-1484","page","type-page","status-publish","has-post-thumbnail","hentry"],"_links":{"self":[{"href":"https:\/\/www.antalyasatilikkonteyner.com\/ru\/wp-json\/wp\/v2\/pages\/1484","targetHints":{"allow":["GET"]}}],"collection":[{"href":"https:\/\/www.antalyasatilikkonteyner.com\/ru\/wp-json\/wp\/v2\/pages"}],"about":[{"href":"https:\/\/www.antalyasatilikkonteyner.com\/ru\/wp-json\/wp\/v2\/types\/page"}],"author":[{"embeddable":true,"href":"https:\/\/www.antalyasatilikkonteyner.com\/ru\/wp-json\/wp\/v2\/users\/2"}],"replies":[{"embeddable":true,"href":"https:\/\/www.antalyasatilikkonteyner.com\/ru\/wp-json\/wp\/v2\/comments?post=1484"}],"version-history":[{"count":11,"href":"https:\/\/www.antalyasatilikkonteyner.com\/ru\/wp-json\/wp\/v2\/pages\/1484\/revisions"}],"predecessor-version":[{"id":1694,"href":"https:\/\/www.antalyasatilikkonteyner.com\/ru\/wp-json\/wp\/v2\/pages\/1484\/revisions\/1694"}],"up":[{"embeddable":true,"href":"https:\/\/www.antalyasatilikkonteyner.com\/ru\/wp-json\/wp\/v2\/pages\/1479"}],"wp:featuredmedia":[{"embeddable":true,"href":"https:\/\/www.antalyasatilikkonteyner.com\/ru\/wp-json\/wp\/v2\/media\/1662"}],"wp:attachment":[{"href":"https:\/\/www.antalyasatilikkonteyner.com\/ru\/wp-json\/wp\/v2\/media?parent=1484"}],"curies":[{"name":"wp","href":"https:\/\/api.w.org\/{rel}","templated":true}]}}